{"id":3,"date":"2022-05-17T01:07:18","date_gmt":"2022-05-17T01:07:18","guid":{"rendered":"https:\/\/themonkeyhouse.co\/tmh\/?page_id=3"},"modified":"2022-06-09T20:38:41","modified_gmt":"2022-06-09T20:38:41","slug":"politica-de-privacidad","status":"publish","type":"page","link":"https:\/\/themonkeyhouse.co\/tmh\/politica-de-privacidad\/","title":{"rendered":"Politica de privacidad"},"content":{"rendered":"\t\t<div data-elementor-type=\"wp-page\" data-elementor-id=\"3\" class=\"elementor elementor-3\">\n\t\t\t\t\t\t\t\t\t<section class=\"elementor-section elementor-top-section elementor-element elementor-element-56dc6bf elementor-section-height-min-height elementor-section-stretched elementor-section-boxed elementor-section-height-default elementor-section-items-middle\" data-id=\"56dc6bf\" data-element_type=\"section\" data-settings=\"{&quot;stretch_section&quot;:&quot;section-stretched&quot;,&quot;background_background&quot;:&quot;classic&quot;,&quot;grandrestaurant_ext_is_background_parallax&quot;:&quot;true&quot;,&quot;shape_divider_bottom&quot;:&quot;split&quot;,&quot;grandrestaurant_ext_is_background_parallax_speed&quot;:{&quot;unit&quot;:&quot;px&quot;,&quot;size&quot;:0.4,&quot;sizes&quot;:[]},&quot;grandrestaurant_ext_is_background_backdrop&quot;:&quot;false&quot;,&quot;grandrestaurant_ext_is_background_on_scroll&quot;:&quot;false&quot;}\">\n\t\t\t\t\t\t\t<div class=\"elementor-background-overlay\"><\/div>\n\t\t\t\t\t\t<div class=\"elementor-shape elementor-shape-bottom\" data-negative=\"false\">\n\t\t\t<svg xmlns=\"http:\/\/www.w3.org\/2000\/svg\" viewBox=\"0 0 1000 20\" preserveAspectRatio=\"none\">\n\t<path class=\"elementor-shape-fill\" d=\"M0,0v3c0,0,393.8,0,483.4,0c9.2,0,16.6,7.4,16.6,16.6c0-9.1,7.4-16.6,16.6-16.6C606.2,3,1000,3,1000,3V0H0z\"\/>\n<\/svg>\t\t<\/div>\n\t\t\t\t\t<div class=\"elementor-container elementor-column-gap-default\">\n\t\t\t\t\t<div class=\"elementor-column elementor-col-100 elementor-top-column elementor-element elementor-element-8a78d52\" data-id=\"8a78d52\" data-element_type=\"column\" data-settings=\"{&quot;grandrestaurant_ext_link_reservation&quot;:&quot;false&quot;,&quot;grandrestaurant_ext_link_sidemenu&quot;:&quot;false&quot;,&quot;grandrestaurant_ext_link_fullmenu&quot;:&quot;false&quot;,&quot;grandrestaurant_ext_link_closed_fullmenu&quot;:&quot;false&quot;,&quot;grandrestaurant_ext_is_scrollme&quot;:&quot;false&quot;,&quot;grandrestaurant_ext_is_smoove&quot;:&quot;false&quot;,&quot;grandrestaurant_ext_is_parallax_mouse&quot;:&quot;false&quot;,&quot;grandrestaurant_ext_is_infinite&quot;:&quot;false&quot;,&quot;grandrestaurant_ext_is_fadeout_animation&quot;:&quot;false&quot;,&quot;grandrestaurant_ext_mobile_static&quot;:&quot;false&quot;}\">\n\t\t\t<div class=\"elementor-widget-wrap elementor-element-populated\">\n\t\t\t\t\t\t\t\t<div class=\"elementor-element elementor-element-d732f96 elementor-widget__width-auto elementor-widget elementor-widget-grandrestaurant-animated-text\" data-id=\"d732f96\" data-element_type=\"widget\" data-settings=\"{&quot;grandrestaurant_ext_link_reservation&quot;:&quot;false&quot;,&quot;grandrestaurant_ext_link_sidemenu&quot;:&quot;false&quot;,&quot;grandrestaurant_ext_link_fullmenu&quot;:&quot;false&quot;,&quot;grandrestaurant_ext_link_closed_fullmenu&quot;:&quot;false&quot;,&quot;grandrestaurant_ext_is_scrollme&quot;:&quot;false&quot;,&quot;grandrestaurant_ext_is_smoove&quot;:&quot;false&quot;,&quot;grandrestaurant_ext_is_parallax_mouse&quot;:&quot;false&quot;,&quot;grandrestaurant_ext_is_infinite&quot;:&quot;false&quot;,&quot;grandrestaurant_ext_mobile_static&quot;:&quot;false&quot;}\" data-widget_type=\"grandrestaurant-animated-text.default\">\n\t\t\t\t<div class=\"elementor-widget-container\">\n\t\t\t<div class=\"themegoods-animated-text text-alignment-left transition-bottom overflow-hidden\" data-delimiter=\"word\" data-transition=\"100\" data-transition-delay=\"400\" data-transition-duration=\"800\">\n\t\t<h3>\n\t\timportante\t<\/h3>\n\t<\/div>\t\t<\/div>\n\t\t\t\t<\/div>\n\t\t\t\t\t<\/div>\n\t\t<\/div>\n\t\t\t\t\t\t\t<\/div>\n\t\t<\/section>\n\t\t\t\t<section class=\"elementor-section elementor-top-section elementor-element elementor-element-ee7af9a elementor-section-boxed elementor-section-height-default elementor-section-height-default\" data-id=\"ee7af9a\" data-element_type=\"section\" data-settings=\"{&quot;grandrestaurant_ext_is_background_parallax&quot;:&quot;false&quot;,&quot;grandrestaurant_ext_is_background_backdrop&quot;:&quot;false&quot;,&quot;grandrestaurant_ext_is_background_on_scroll&quot;:&quot;false&quot;}\">\n\t\t\t\t\t\t<div class=\"elementor-container elementor-column-gap-default\">\n\t\t\t\t\t<div class=\"elementor-column elementor-col-100 elementor-top-column elementor-element elementor-element-5a311cf4\" data-id=\"5a311cf4\" data-element_type=\"column\" data-settings=\"{&quot;grandrestaurant_ext_link_reservation&quot;:&quot;false&quot;,&quot;grandrestaurant_ext_link_sidemenu&quot;:&quot;false&quot;,&quot;grandrestaurant_ext_link_fullmenu&quot;:&quot;false&quot;,&quot;grandrestaurant_ext_link_closed_fullmenu&quot;:&quot;false&quot;,&quot;grandrestaurant_ext_is_scrollme&quot;:&quot;false&quot;,&quot;grandrestaurant_ext_is_smoove&quot;:&quot;false&quot;,&quot;grandrestaurant_ext_is_parallax_mouse&quot;:&quot;false&quot;,&quot;grandrestaurant_ext_is_infinite&quot;:&quot;false&quot;,&quot;grandrestaurant_ext_is_fadeout_animation&quot;:&quot;false&quot;,&quot;grandrestaurant_ext_mobile_static&quot;:&quot;false&quot;}\">\n\t\t\t<div class=\"elementor-widget-wrap elementor-element-populated\">\n\t\t\t\t\t\t\t\t<div class=\"elementor-element elementor-element-7908ef49 elementor-widget elementor-widget-text-editor\" data-id=\"7908ef49\" data-element_type=\"widget\" data-settings=\"{&quot;grandrestaurant_ext_link_reservation&quot;:&quot;false&quot;,&quot;grandrestaurant_ext_link_sidemenu&quot;:&quot;false&quot;,&quot;grandrestaurant_ext_link_fullmenu&quot;:&quot;false&quot;,&quot;grandrestaurant_ext_link_closed_fullmenu&quot;:&quot;false&quot;,&quot;grandrestaurant_ext_is_scrollme&quot;:&quot;false&quot;,&quot;grandrestaurant_ext_is_smoove&quot;:&quot;false&quot;,&quot;grandrestaurant_ext_is_parallax_mouse&quot;:&quot;false&quot;,&quot;grandrestaurant_ext_is_infinite&quot;:&quot;false&quot;,&quot;grandrestaurant_ext_is_fadeout_animation&quot;:&quot;false&quot;,&quot;grandrestaurant_ext_mobile_static&quot;:&quot;false&quot;}\" data-widget_type=\"text-editor.default\">\n\t\t\t\t<div class=\"elementor-widget-container\">\n\t\t\t<style>\/*! elementor - v3.18.0 - 20-12-2023 *\/\n.elementor-widget-text-editor.elementor-drop-cap-view-stacked .elementor-drop-cap{background-color:#69727d;color:#fff}.elementor-widget-text-editor.elementor-drop-cap-view-framed .elementor-drop-cap{color:#69727d;border:3px solid;background-color:transparent}.elementor-widget-text-editor:not(.elementor-drop-cap-view-default) .elementor-drop-cap{margin-top:8px}.elementor-widget-text-editor:not(.elementor-drop-cap-view-default) .elementor-drop-cap-letter{width:1em;height:1em}.elementor-widget-text-editor .elementor-drop-cap{float:left;text-align:center;line-height:1;font-size:50px}.elementor-widget-text-editor .elementor-drop-cap-letter{display:inline-block}<\/style>\t\t\t\t<!-- wp:heading -->\n<h1 class=\"p1\" style=\"text-align: justify;\"><span style=\"color: #770f00;\"><strong>Pol\u00edtica de Tratamientos de Datos Personales<\/strong><\/span><\/h1>\n<p class=\"p2\" style=\"text-align: justify;\">La presente Pol\u00edtica de Tratamiento de Datos Personales e Informaci\u00f3n (en adelante la <span class=\"s4\">\u201cPol\u00edtica\u201d),<\/span> <span class=\"s4\">tiene<\/span> <span class=\"s4\">como<\/span> <span class=\"s4\">objetivo<\/span> <span class=\"s4\">implementar<\/span> las disposiciones contenidas en la Ley 1581 de 2012,en el Decreto 1377 de 2013 y en las dem\u00e1s normas que los complementen, modifiquen o regulen, en lo que se refiere exclusivamente a las bases de datos, archivos e informaci\u00f3n que contenga datos personales susceptibles de tratamiento, y explica como THE MONKEY HOUSE SAS recolecta, almacena, usa, circula y trata informaci\u00f3n que usted nos provee a trav\u00e9s de distintos medios.<\/p>\n<p class=\"p1\" style=\"text-align: justify;\">La Pol\u00edtica aplica para cualquier registro de datos personales realizado en forma presencial y\/o virtual durante cualquier contacto que se realice entre los clientes presentes y\/o potenciales interesados y THE MONKEY HOUSE SAS. El titular del dato registra o entrega su informaci\u00f3n de manera libre y voluntaria, y reconoce que ha le\u00eddo y acepta expresamente los presentes t\u00e9rminos.<\/p>\n<p class=\"p1\" style=\"text-align: justify;\"><b>GLOSARIO<\/b><\/p>\n<p class=\"p1\" style=\"text-align: justify;\"><strong>Autorizaci\u00f3n:<\/strong> Consentimiento previo, expreso e informado del Titular para llevar a cabo el Tratamiento de datos personales.<\/p>\n<p class=\"p1\" style=\"text-align: justify;\"><strong>Base de Datos:<\/strong> Conjunto organizado de datos personales que sea objeto de Tratamiento.<\/p>\n<p class=\"p1\" style=\"text-align: justify;\"><strong>Dato personal:<\/strong> Cualquier informaci\u00f3n vinculada o que pueda asociarse a una o varias personas naturales determinadas o determinables.<\/p>\n<p class=\"p1\" style=\"text-align: justify;\"><strong>Datos sensibles:<\/strong> Aquellos datos que afectan la intimidad del Titular o cuyo uso indebido puede generar su discriminaci\u00f3n, tales como aquellos que revelen el origen racial o \u00e9tnico, la orientaci\u00f3n pol\u00edtica, las convicciones religiosas o filos\u00f3ficas, la pertenencia a sindicatos, organizaciones sociales, de derechos humanos o que promueva intereses de cualquier partido pol\u00edtico o que garanticen los derechos y garant\u00edas de partidos pol\u00edticos de oposici\u00f3n, as\u00ed como los datos relativos a la salud, a la vida sexual, y los datos biom\u00e9tricos.<\/p>\n<p class=\"p1\" style=\"text-align: justify;\"><strong>Tratamiento:<\/strong> Se refiere a cualquier operaci\u00f3n o conjunto de operaciones sobre datos personales, tales como la recolecci\u00f3n, almacenamiento, uso, circulaci\u00f3n o supresi\u00f3n.<\/p>\n<p class=\"p1\" style=\"text-align: justify;\"><strong>Encargado del Tratamiento:<\/strong> Persona natural o jur\u00eddica, p\u00fablica o privada, que por s\u00ed misma o en asocio con otros, realice el Tratamiento de datos personales por cuenta del responsable del Tratamiento.<\/p>\n<p class=\"p1\" style=\"text-align: justify;\"><strong>Responsable del Tratamiento:<\/strong> Persona natural o jur\u00eddica, p\u00fablica o privada, que por s\u00ed misma o en asocio con otros, decida sobre la base de datos y\/o el Tratamiento de los mismos.<\/p>\n<p class=\"p8\" style=\"text-align: justify;\"><strong>Titular:<\/strong> Persona natural cuyos datos personales sean objeto de Tratamiento.<\/p>\n<p class=\"p8\" style=\"text-align: justify;\"><strong>DISPOSICIONES<\/strong><\/p>\n<ul class=\"ul1\" style=\"text-align: justify;\">\n<li class=\"li9\"><strong>RESPONSABLE Y ENCARGADO DEL TRATAMIENTO DE DATOS.<\/strong> El responsable y encargado del tratamiento de datos personales es THE MONKEY HOUSE S.A.S., quien asigna estas funciones a Valeria G\u00f3ngora: Domiciliada en Bogot\u00e1 D.C. en la calle 70 a # 8 \u2013 55 , correo electr\u00f3nico <span class=\"s13\">comunicaciones@themonkeyhouse.co<\/span> y numero de contacto 301 5017571<\/li>\n<\/ul>\n<ul class=\"ul1\" style=\"text-align: justify;\">\n<li class=\"li9\"><strong>FINALIDAD DE LA BASE DE DATOS.<\/strong> La base de datos tiene como finalidades principales informarles a sus titulares sobre los productos comercializados, difundir informaci\u00f3n comercial y publicitaria, y servir como alternativa de contacto frente a los titulares de los mismos.<\/li>\n<\/ul>\n<ul class=\"ul1\" style=\"text-align: justify;\">\n<li class=\"li10\"><strong><span class=\"s4\">DATOS<\/span> <span class=\"s4\">PERSONALES.<\/span><\/strong> <span class=\"s4\">La<\/span> <span class=\"s4\">informaci\u00f3n<\/span> <span class=\"s4\">objeto<\/span> <span class=\"s4\">de<\/span> tratamiento por parte de THE MONKEY HOUSE S.A.S., en adelante en este documento \u201cDatos personales\u201d, es aquella que suministran los Titulares, cuando acceden a sus bienes y\/o servicios, o con ocasi\u00f3n de <span class=\"s4\">los<\/span> <span class=\"s4\">mismos,<\/span> <span class=\"s4\">tales<\/span> <span class=\"s4\">como:<\/span> <span class=\"s4\">nombre,<\/span> <span class=\"s4\">apellidos,<\/span> <span class=\"s4\">identificaci\u00f3n,<\/span> edad, sexo, tel\u00e9fono, direcci\u00f3n f\u00edsica y electr\u00f3nica, pa\u00eds, ciudad y dem\u00e1s datos necesarios que le sean solicitados en el <span class=\"s4\">proceso<\/span> <span class=\"s4\">de<\/span> <span class=\"s4\">registro,<\/span> <span class=\"s4\">los<\/span> <span class=\"s4\">cuales<\/span> <span class=\"s4\">en<\/span> ning\u00fan caso ser\u00e1n de car\u00e1cter sensible en los t\u00e9rminos de ley.<\/li>\n<\/ul>\n<p class=\"p1\" style=\"text-align: justify;\"><strong>THE MONKEY HOUSE S.A.S.<\/strong> no recopilar\u00e1 datos considerados como Datos Sensibles seg\u00fan lo dispuesto en la Ley 1581 de 2012, como, por ejemplo, datos que revelen el origen racial o \u00e9tnico, la orientaci\u00f3n pol\u00edtica, las convicciones religiosas o filos\u00f3ficas, pertenencia a sindicatos, organizaciones sociales, datos relacionados con la salud, vida sexual o datos biom\u00e9tricos.<\/p>\n<ul class=\"ul1\" style=\"text-align: justify;\">\n<li class=\"li9\"><strong>AUTORIZACI\u00d3N PARA RECOLECCI\u00d3N Y TRATAMIENTO DE DATOS PERSONALES Y OTRA INFORMACI\u00d3N<\/strong>. Mediante la autorizaci\u00f3n expresa verbal o por escrito, el Titular autoriza expresa o inequ\u00edvocamente a THE MONKEY HOUSE S.A.S. para recolectar datos personales y cualquier otra informaci\u00f3n que suministre, as\u00ed como para realizar el tratamiento sobre sus datos personales, de conformidad con esta Pol\u00edtica y la ley.<\/li>\n<\/ul>\n<ul class=\"ul1\" style=\"text-align: justify;\">\n<li class=\"li10\"><strong>TRATAMIENTO DE LOS DATOS Y FINALIDAD<\/strong>. El responsable del Tratamiento, previa autorizaci\u00f3n de los Titulares (en caso de que esta sea requerida), puede obtener informaci\u00f3n de personas naturales, clientes o usuarios, de diferentes fuentes (comercios vinculados, entidades financieras, entidades participantes del sistema de pago, proveedores de servicios de telecomunicaciones, y fuentes propias entre otros). Tambi\u00e9n es posible que tengamos una relaci\u00f3n directa con personas naturales (empleados, proveedores, etc.), que podr\u00e1n optar por brindarnos informaci\u00f3n personal en conexiones con esa relaci\u00f3n.<\/li>\n<\/ul>\n<p class=\"p1\" style=\"text-align: justify;\">Los usuarios, clientes, trabajadores y proveedores autorizan expresamente al responsable del Tratamiento a confirmar la informaci\u00f3n personal suministrada acudiendo a entidades p\u00fablicas, compa\u00f1\u00edas especializadas o centrales de riesgo, a sus<\/p>\n<p class=\"p11\" style=\"text-align: justify;\"><span class=\"s4\">contactos,<\/span> <span class=\"s4\">o<\/span> <span class=\"s4\">al<\/span> <span class=\"s4\">empleador,<\/span> <span class=\"s4\">as\u00ed<\/span> <span class=\"s4\">como<\/span> <span class=\"s4\">a<\/span> <span class=\"s4\">sus<\/span> <span class=\"s4\">referencias<\/span> personales, bancarias o laborales, entre otros. Esta informaci\u00f3n ser\u00e1 tratada por el responsable del Tratamiento en forma confidencial.<\/p>\n<p class=\"p12\" style=\"text-align: justify;\">Los datos personales proporcionados al Responsable del Tratamiento ser\u00e1n recolectados, almacenados, usados, analizados, circulados, actualizados y reportados <span class=\"s4\">para<\/span> <span class=\"s4\">las<\/span> <span class=\"s4\">siguientes<\/span> finalidades, seg\u00fan establezca en la respectiva autorizaci\u00f3n: (1) como elemento de an\u00e1lisis para establecer y mantener una relaci\u00f3n contractual o comercial, <span class=\"s4\">cualquiera<\/span> <span class=\"s4\">que<\/span> <span class=\"s4\">sea<\/span> <span class=\"s4\">su<\/span> <span class=\"s4\">naturaleza,<\/span> <span class=\"s4\">ya<\/span> <span class=\"s4\">sea<\/span> mediante llamadas, mensajes de texto, correos electr\u00f3nicos y\/o f\u00edsicos, (2) para auditar, estudiar, analizar y utilizar la informaci\u00f3n de la Base de Datos para dise\u00f1ar, implementar y desarrollar estudios de mercado, investigaciones comerciales o estad\u00edsticas, (3) como herramienta para el ofrecimiento de productos o servicios propios o de terceros, (4) como herramienta para el inicio de cualquier cobro prejudicial o judicial, (5) para que la informaci\u00f3n sea compartida, circulada y usada por otras entidades para cualquiera de los fines aqu\u00ed previstos, (6) para el adelantamiento de cualquier tr\u00e1mite ante una autoridad p\u00fablica o una persona o entidad privada, respecto del cual la informaci\u00f3n resulte pertinente, (7) para que toda la informaci\u00f3n referida a mi comportamiento crediticio, financiero, comercial de <span class=\"s4\">servicios<\/span> <span class=\"s4\">y<\/span> <span class=\"s4\">datos<\/span> <span class=\"s4\">de<\/span> <span class=\"s4\">la<\/span> <span class=\"s4\">misma<\/span> <span class=\"s4\">naturaleza<\/span> proveniente de terceros pa\u00edses sea consultada, suministrada, reportada, procesada o divulgada y (8) para solicitar la opini\u00f3n del Titular sobre productos y\/o servicios.<\/p>\n<ul class=\"ul1\" style=\"text-align: justify;\">\n<li class=\"li10\"><strong>DERECHOS DE LOS TITULARES. THE MONKEY HOUSE<\/strong> S.A.S. informa a los Titulares que, conforme a la legislaci\u00f3n vigente, estos tienen el derecho de conocer, actualizar, rectificar su informaci\u00f3n, y\/o revocar la autorizaci\u00f3n para su tratamiento. En particular, son derechos de los titulares seg\u00fan se establece en el art\u00edculo 8 de la Ley 1581 de 2012: Conocer, actualizar y rectificar sus datos personales. Este derecho se podr\u00e1 ejercer tambi\u00e9n, frente a datos parciales, inexactos, incompletos, fraccionados y\/o que induzcan a error,<\/li>\n<\/ul>\n<ul class=\"ul1\" style=\"text-align: justify;\">\n<li style=\"list-style-type: none;\">\n<ul class=\"ul1\">\n<li class=\"li10\">Solicitar prueba de la autorizaci\u00f3n otorgada<\/li>\n<li class=\"li9\">Ser informado por el responsable del Tratamiento previa solicitud, respecto del uso que se les ha dado a sus datos personales.<\/li>\n<li class=\"li10\">Presentar ante la Superintendencia de Industria y Comercio quejas por <span class=\"s4\">infracciones<\/span> <span class=\"s4\">a<\/span> <span class=\"s4\">lo<\/span> <span class=\"s4\">dispuesto<\/span> <span class=\"s4\">en<\/span> <span class=\"s4\">la<\/span> <span class=\"s4\">Ley<\/span> <span class=\"s4\">1581<\/span> de 2012, el Decreto 1377, y las dem\u00e1s normas que la modifiquen, adicionen o complementen, una vez haya agotado el tr\u00e1mite de consulta o reclamo ante el responsable del Tratamiento.<\/li>\n<li class=\"li9\">Revocar la autorizaci\u00f3n y\/o solicitar la supresi\u00f3n del dato cuando en el tratamiento no se respeten los principios, derechos y garant\u00edas constitucionales y legales.<\/li>\n<li class=\"li9\">Acceder en forma gratuita a sus datos personales que hayan sido objeto de tratamiento<\/li>\n<\/ul>\n<\/li>\n<\/ul>\n<ul class=\"ul1\" style=\"text-align: justify;\">\n<li class=\"li9\"><strong>PROCEDIMIENTO PARA EJERCER LOS DERECHOS AL HABEAS DATA<\/strong>. Los Titulares podr\u00e1n ejercer sus derechos mediante el env\u00edo de una comunicaci\u00f3n a alguna de las direcciones indicadas en la Pol\u00edtica. Esta comunicaci\u00f3n deber\u00e1 contener como m\u00ednimo lo siguiente:<\/li>\n<\/ul>\n<ul class=\"ul1\" style=\"text-align: justify;\">\n<li class=\"li14\">El nombre, domicilio del titular y medio de contacto para recibir la respuesta como tel\u00e9fono, correo electr\u00f3nico, direcci\u00f3n de residencia.<\/li>\n<\/ul>\n<ul class=\"ul1\" style=\"text-align: justify;\">\n<li class=\"li10\">Los documentos que acrediten la identidad o la representaci\u00f3n de su representado.<\/li>\n<li class=\"li10\">La descripci\u00f3n clara y precisa de los datos personales respecto de los cuales el titular busca ejercer alguno de los derechos.<\/li>\n<li class=\"li9\">En caso dado, otros elementos o documentos que faciliten la localizaci\u00f3n de los datos personales.<\/li>\n<li class=\"li10\">Una vez recibida la comunicaci\u00f3n por parte del responsable del Tratamiento, se proceder\u00e1 a dar respuesta dentro de los t\u00e9rminos establecidos en la regulaci\u00f3n aplicable.<\/li>\n<\/ul>\n<ul class=\"ul1\" style=\"text-align: justify;\">\n<li class=\"li10\"><strong>ALMACENAMIENTO DE DATOS PERSONALES<\/strong>. El Titular autoriza expresamente a <strong>THE MONKEY HOUSE S.A.S.<\/strong> para que este lo almacene de la forma que considere m\u00e1s oportuna y cumpla con la seguridad requerida para la protecci\u00f3n de los datos. S\u00f3lo el <span class=\"s4\">personal<\/span> <span class=\"s4\">autorizado<\/span> <span class=\"s4\">por<\/span> <span class=\"s4\">THE<\/span> <span class=\"s4\">MONKEY<\/span> <span class=\"s4\">HOUSE<\/span> <span class=\"s4\">S.A.S.<\/span> <span class=\"s4\">puede<\/span> acceder a las Bases de Datos en donde est\u00e1n almacenados los datos, y por tanto a los datos personales de nuestros clientes.<\/li>\n<\/ul>\n<ul class=\"ul1\" style=\"text-align: justify;\">\n<li class=\"li10\"><strong>MEDIDAS DE SEGURIDAD. THE MONKEY HOUSE S.A.S<\/strong>. se compromete al uso correcto y tratamiento de los datos personales, evitando el acceso no autorizado de terceros que permita conocer o vulnerar, modificar, divulgar y\/o destruir la informaci\u00f3n que reposa en sus bases de datos. Por tal motivo, THE MONKEY HOUSE S.A.S. cuenta con protocolos de seguridad y acceso a sus sistemas de informaci\u00f3n, almacenamiento y procesamiento incluidas medidas f\u00edsicas de control de riesgos de seguridad.<\/li>\n<\/ul>\n<ul class=\"ul1\" style=\"text-align: justify;\">\n<li class=\"li9\"><strong>MODIFICACION Y\/O ACTUALIZACION DE LA POLITICA DE PROTECCI\u00d3N DE DATOS Y MANEJO DE INFORMACI\u00d3N.<\/strong> Cualquier cambio sustancial en las pol\u00edticas de tratamiento, se comunicar\u00e1 de forma oportuna a los titulares de los datos a trav\u00e9s de los medios habituales de contacto y\/o a trav\u00e9s de la p\u00e1gina de internet www.themonkeyhouse.co<\/li>\n<\/ul>\n<ul class=\"ul1\" style=\"text-align: justify;\">\n<li class=\"li10\"><strong>VIGENCIA DE LOS DATOS.<\/strong> Los datos personales incorporados en la Base de Datos estar\u00e1n vigentes durante el plazo necesario para cumplir sus finalidades. Una vez se cumpla(n) esa(s) finalidad(es) y siempre que no exista un deber legal o contractual de conservar su informaci\u00f3n, los datos ser\u00e1n eliminados de nuestras Bases de Datos.<\/li>\n<\/ul>\n<ul class=\"ul1\">\n<li class=\"li9\" style=\"text-align: justify;\"><strong>VIGENCIA DE LAS POLITICAS DE TRATAMIENTO DE INFORMACI\u00d3N PERSONAL<\/strong>. La Pol\u00edtica rige a partir de la fecha de su aprobaci\u00f3n.<\/li>\n<\/ul>\n<!-- \/wp:paragraph -->\t\t\t\t\t\t<\/div>\n\t\t\t\t<\/div>\n\t\t\t\t\t<\/div>\n\t\t<\/div>\n\t\t\t\t\t\t\t<\/div>\n\t\t<\/section>\n\t\t\t\t\t\t\t<\/div>\n\t\t","protected":false},"excerpt":{"rendered":"<p>importante Pol\u00edtica de Tratamientos de Datos Personales La presente Pol\u00edtica de Tratamiento de Datos Personales e Informaci\u00f3n (en adelante la \u201cPol\u00edtica\u201d), tiene como objetivo implementar las disposiciones contenidas en la Ley 1581 de 2012,en el Decreto 1377 de 2013 y [&hellip;]<\/p>\n","protected":false},"author":1,"featured_media":0,"parent":0,"menu_order":0,"comment_status":"closed","ping_status":"open","template":"","meta":{"_joinchat":[],"footnotes":""},"class_list":["post-3","page","type-page","status-publish","hentry"],"_links":{"self":[{"href":"https:\/\/themonkeyhouse.co\/tmh\/wp-json\/wp\/v2\/pages\/3","targetHints":{"allow":["GET"]}}],"collection":[{"href":"https:\/\/themonkeyhouse.co\/tmh\/wp-json\/wp\/v2\/pages"}],"about":[{"href":"https:\/\/themonkeyhouse.co\/tmh\/wp-json\/wp\/v2\/types\/page"}],"author":[{"embeddable":true,"href":"https:\/\/themonkeyhouse.co\/tmh\/wp-json\/wp\/v2\/users\/1"}],"replies":[{"embeddable":true,"href":"https:\/\/themonkeyhouse.co\/tmh\/wp-json\/wp\/v2\/comments?post=3"}],"version-history":[{"count":19,"href":"https:\/\/themonkeyhouse.co\/tmh\/wp-json\/wp\/v2\/pages\/3\/revisions"}],"predecessor-version":[{"id":5504,"href":"https:\/\/themonkeyhouse.co\/tmh\/wp-json\/wp\/v2\/pages\/3\/revisions\/5504"}],"wp:attachment":[{"href":"https:\/\/themonkeyhouse.co\/tmh\/wp-json\/wp\/v2\/media?parent=3"}],"curies":[{"name":"wp","href":"https:\/\/api.w.org\/{rel}","templated":true}]}}